{"id":50,"date":"2016-12-11T12:39:51","date_gmt":"2016-12-11T12:39:51","guid":{"rendered":"http:\/\/heilpraktiker-wuerzler.de\/?page_id=50"},"modified":"2018-03-21T11:58:23","modified_gmt":"2018-03-21T11:58:23","slug":"impressum-2","status":"publish","type":"page","link":"https:\/\/heilpraktiker-wuerzler.de\/?page_id=50","title":{"rendered":"Impressum"},"content":{"rendered":"<p><!-- Disclaimer --><\/p>\n<p>Haftung f\u00fcr Inhalte<\/p>\n<p>Obwohl wir uns um Aktualit\u00e4t, Vollst\u00e4ndigkeit und Richtigkeit der<br \/>\nInhalte unserer Seiten bem\u00fchen, k\u00f6nnen wir hierf\u00fcr keine Garantie<br \/>\n\u00fcbernehmen.<br \/>\nNach \u00a7 7 Absatz 1 TDG sind wir als Diensteanbieter f\u00fcr eigene Inhalte auf<br \/>\nunseren Seiten nach den allgemeinen Gesetzen verantwortlich.<br \/>\nEine Verpflichtung zur \u00dcberwachung \u00fcbermittelter oder gespeicherter<br \/>\nfremder Informationen besteht jedoch nicht (\u00a7\u00a7 8-10 TDG).<\/p>\n<p>Sobald uns Rechtsverst\u00f6\u00dfe bekannt werden, werden wir die entsprechenden Inhalte<br \/>\numgehend entfernen. Eine dahingehende Haftung wird jedoch erst ab dem Zeitpunkt<br \/>\nder Kenntnis konkreter Rechtsverletzungen \u00fcbernommen.<\/p>\n<p>Haftung f\u00fcr Links<\/p>\n<p>Unsere Seiten enthalten Links auf externe Webseiten Dritter. Auf die Inhalte<br \/>\ndieser verlinkten Webseiten haben wir keinen Einfluss. F\u00fcr die Richtigkeit der<br \/>\nInhalte ist immer der jeweilige Anbieter oder Betreiber verantwortlich, weshalb<br \/>\nwir diesbez\u00fcglich keinerlei Gew\u00e4hr \u00fcbernehmen.<br \/>\nDie fremden Webseiten haben wir zum Zeitpunkt der Verlinkung auf<br \/>\nm\u00f6gliche Rechtsverst\u00f6\u00dfe \u00fcberpr\u00fcft.<br \/>\nZum Zeitpunkt der Verlinkung waren keinerlei Rechtsverletzungen erkennbar.<br \/>\nEine st\u00e4ndige \u00dcberpr\u00fcfung s\u00e4mtlicher Inhalte der von uns<br \/>\nverlinkten Seiten ohne tats\u00e4chliche Anhaltspunkte f\u00fcr einen Rechtsversto\u00df<br \/>\nk\u00f6nnen wir nicht leisten. Falls uns Rechtsverletzungen bekannt werden,<br \/>\nwerden wir die entsprechenden Links sofort entfernen.<\/p>\n<p>Urheberrecht<\/p>\n<p>Die durch den Betreiber dieser Seite erstellten Inhalte und Werke auf diesen<br \/>\nWebseiten unterliegen dem deutschen Urheberrecht. S\u00e4mtliche Beitr\u00e4ge<br \/>\nDritter sind als solche gekennzeichnet. Die Vervielf\u00e4ltigung, Bearbeitung,<br \/>\nVerbreitung und jede Art der Verwertung au\u00dferhalb der Grenzen des Urheberrechts<br \/>\nbed\u00fcrfen der schriftlichen Zustimmung des jeweiligen Autors bzw.<br \/>\nErstellers. Kopien von diesen Seiten sind nur f\u00fcr den privaten Bereich<br \/>\ngestattet, nicht jedoch f\u00fcr kommerzielle Zwecke.<\/p>\n<p>Datenschutz<\/p>\n<p>F\u00fcr die Sicherheit der Daten\u00fcbertragung im Internet k\u00f6nnen wir<br \/>\nkeine Gew\u00e4hr \u00fcbernehmen, insbesondere besteht bei der \u00dcbertragung<br \/>\nvon Daten per E-Mail die Gefahr des Zugriffs durch Dritte.<\/p>\n<p>Im Falle der Erhebung personenbezogener Daten auf unseren Seiten erfolgt die<br \/>\nPreisgabe dieser Daten seitens des Nutzers stets auf freiwilliger Basis. Die<br \/>\nInanspruchnahme aller angebotenen Dienste ist auch ohne Angabe<br \/>\nsolcher Daten bzw. unter Angabe anonymisierter Daten oder eines Pseudonyms<br \/>\ngestattet, soweit dies technisch m\u00f6glich und zumutbar ist .<\/p>\n<p>Einer Nutzung der im Impressum ver\u00f6ffentlichten Kontaktdaten durch<br \/>\nDritte zu Werbezwecken wird hiermit ausdr\u00fccklich widersprochen. Der<br \/>\nBetreiber beh\u00e4lt sich f\u00fcr den Fall unverlangt zugesandter Werbe- oder<br \/>\nInformationsmaterialien ausdr\u00fccklich rechtliche Schritte vor.<\/p>\n<p>Rechtswirksamkeit dieses Haftungsausschlusses: Sollten einzelne Regelungen oder Formulierungen dieses Haftungsausschlusses<br \/>\nunwirksam sein oder werden, bleiben die \u00fcbrigen Regelungen in ihrem Inhalt und ihrer G\u00fcltigkeit hiervon unber\u00fchrt.<\/p>\n<p>Quelle: <a href=\"http:\/\/www.anwalt-seiten.de\">anwalt-seiten.de<\/a><\/p>\n<p>Gesetz \u00fcber die berufsm\u00e4\u00dfige Aus\u00fcbung der Heilkunde ohne Bestallung<br \/>\n(Heilpraktikergesetz)<\/p>\n<p>HeilprG<br \/>\nAusfertigungsdatum: 17.02.1939<\/p>\n<p>Vollzitat:<br \/>\n&#8222;Heilpraktikergesetz in der im Bundesgesetzblatt Teil III, Gliederungsnummer 2122-2,<br \/>\nver\u00f6ffentlichten bereinigten Fassung, das zuletzt durch Artikel 15 des Gesetzes vom<br \/>\n23.Oktober 2001 (BGBl. I S. 2702) ge\u00e4ndert worden ist&#8220;<\/p>\n<p>Stand: Zuletzt ge\u00e4ndert durch Art. 15 G v. 23.10.2001 I 2702<\/p>\n<p>Fu\u00dfnote<br \/>\nTextnachweis Geltung ab: 1.1.1975<\/p>\n<p>Eingangsformel<br \/>\nDie Reichsregierung hat das folgende Gesetz beschlossen, das hiermit verk\u00fcndet wird:<\/p>\n<p>\u00a7 1<\/p>\n<p>(1) Wer die Heilkunde, ohne als Arzt bestallt zu sein, aus\u00fcben will, bedarf dazu der Erlaubnis.<\/p>\n<p>(2) Aus\u00fcbung der Heilkunde im Sinne dieses Gesetzes ist jede berufs- oder gewerbsm\u00e4\u00dfig<br \/>\nvorgenommene T\u00e4tigkeit zur Feststellung, Heilung oder Linderung von Krankheiten, Leiden<br \/>\noder K\u00f6rpersch\u00e4den bei Menschen, auch wenn sie im Dienste von anderen ausge\u00fcbt wird.<\/p>\n<p>(3) Wer die Heilkunde bisher berufsm\u00e4\u00dfig ausge\u00fcbt hat und weiterhin aus\u00fcben will,<br \/>\nerh\u00e4lt die Erlaubnis nach Ma\u00dfgabe der Durchf\u00fchrungsbestimmungen; er f\u00fchrt die<br \/>\nBerufsbezeichnung &#8222;Heilpraktiker&#8220;.<\/p>\n<p>\u00a7 2<\/p>\n<p>(1) Wer die Heilkunde, ohne als Arzt bestallt zu sein, bisher berufsm\u00e4\u00dfig nicht<br \/>\nausge\u00fcbt hat, kann eine Erlaubnis nach \u00a7 1 in Zukunft &#8230; erhalten.<\/p>\n<p>(2) Wer durch besondere Leistungen seine F\u00e4higkeit zur Aus\u00fcbung der Heilkunde glaubhaft<br \/>\nmacht, wird auf Antrag des Reichsministers des Innern durch den Reichsminister<br \/>\nf\u00fcr Wissenschaft, Erziehung und Volksbildung unter erleichterten Bedingungen zum<br \/>\nStudium der Medizin zugelassen, sofern er seine Eignung f\u00fcr die Durchf\u00fchrung des<br \/>\nMedizinstudiums nachweist.<\/p>\n<p>\u00a7 3<\/p>\n<p>Die Erlaubnis nach \u00a7 1 berechtigt nicht zur Aus\u00fcbung der Heilkunde im Umherziehen.<\/p>\n<p>\u00a7 4<\/p>\n<p>&#8211;<\/p>\n<p>\u00a7 5<\/p>\n<p>Wer, ohne zur Aus\u00fcbung des \u00e4rztlichen Berufs berechtigt zu sein und ohne eine Erlaubnis<br \/>\nnach \u00a7 1 zu besitzen, die Heilkunde aus\u00fcbt, wird mit Freiheitsstrafe bis zu einem Jahr<br \/>\noder mit Geldstrafe bestraft.<\/p>\n<p>\u00a7 5a<\/p>\n<p>(1) Ordnungswidrig handelt, wer als Inhaber einer Erlaubnis nach \u00a7 1 die Heilkunde im<br \/>\nUmherziehen aus\u00fcbt.<\/p>\n<p>(2) Die Ordnungswidrigkeit kann mit einer Geldbu\u00dfe bis zu zweitausendf\u00fcnfhundert Euro<br \/>\ngeahndet werden.<\/p>\n<p>\u00a7 6<\/p>\n<p>(1) Die Aus\u00fcbung der Zahnheilkunde f\u00e4llt nicht unter die Bestimmungen dieses Gesetzes.<\/p>\n<p>(2)<\/p>\n<p>\u00a7 7<\/p>\n<p>Der Reichsminister des Innern erl\u00e4\u00dft &#8230; die zur Durchf\u00fchrung &#8230; dieses Gesetzes<br \/>\nerforderlichen Rechts- und Verwaltungsvorschriften.<\/p>\n<p>\u00a7 8<\/p>\n<p>(1) Dieses Gesetz tritt am Tag nach der Verk\u00fcndung in Kraft.<\/p>\n<p>(2) Gleichzeitig treten \u00a7 56a Abs. 1 Nr. 1 und \u00a7 148 Abs. 1 Nr. 7a der<br \/>\nReichsgewerbeordnung, soweit sie sich auf die Aus\u00fcbung der Heilkunde im Sinne dieses<br \/>\nGesetzes beziehen, au\u00dfer Kraft.<\/p>\n<p>Quelle: <a href=\"http:\/\/bundesrecht.juris.de\/heilprg\/index.html\">Heilpraktikergesetz in seiner g\u00fcltigen Fassung<\/a><\/p>\n<p>Naturheilpraxis W\u00fcrzler<br \/>\nHelmut W\u00fcrzler, Heilpraktiker &amp; Thomas W\u00fcrzler, Heilpraktiker<br \/>\nKiesebachweg 2<br \/>\n35091 C\u00f6lbe<br \/>\nTel.: 06421\/982737<br \/>\nMail: kontakt@heilpraktiker-wuerzler.de<\/p>\n<p>Erstellt von: Thomas W\u00fcrzler \u00a9\u00a0twuerzler@heilpraktiker-wuerzler.de<\/p>\n","protected":false},"excerpt":{"rendered":"<p>Haftung f\u00fcr Inhalte Obwohl wir uns um Aktualit\u00e4t, Vollst\u00e4ndigkeit und Richtigkeit der Inhalte unserer Seiten bem\u00fchen, k\u00f6nnen wir hierf\u00fcr keine Garantie \u00fcbernehmen. Nach \u00a7 7 Absatz 1 TDG sind wir als Diensteanbieter f\u00fcr eigene Inhalte auf unseren Seiten nach den allgemeinen Gesetzen verantwortlich. Eine Verpflichtung zur \u00dcberwachung \u00fcbermittelter oder gespeicherter fremder Informationen besteht jedoch nicht &hellip; <\/p>\n<p class=\"link-more\"><a href=\"https:\/\/heilpraktiker-wuerzler.de\/?page_id=50\" class=\"more-link\"><span class=\"screen-reader-text\">\u201eImpressum\u201c <\/span>weiterlesen<\/a><\/p>\n","protected":false},"author":1,"featured_media":0,"parent":0,"menu_order":0,"comment_status":"closed","ping_status":"closed","template":"","meta":{"footnotes":""},"class_list":["post-50","page","type-page","status-publish","hentry"],"_links":{"self":[{"href":"https:\/\/heilpraktiker-wuerzler.de\/index.php?rest_route=\/wp\/v2\/pages\/50","targetHints":{"allow":["GET"]}}],"collection":[{"href":"https:\/\/heilpraktiker-wuerzler.de\/index.php?rest_route=\/wp\/v2\/pages"}],"about":[{"href":"https:\/\/heilpraktiker-wuerzler.de\/index.php?rest_route=\/wp\/v2\/types\/page"}],"author":[{"embeddable":true,"href":"https:\/\/heilpraktiker-wuerzler.de\/index.php?rest_route=\/wp\/v2\/users\/1"}],"replies":[{"embeddable":true,"href":"https:\/\/heilpraktiker-wuerzler.de\/index.php?rest_route=%2Fwp%2Fv2%2Fcomments&post=50"}],"version-history":[{"count":23,"href":"https:\/\/heilpraktiker-wuerzler.de\/index.php?rest_route=\/wp\/v2\/pages\/50\/revisions"}],"predecessor-version":[{"id":692,"href":"https:\/\/heilpraktiker-wuerzler.de\/index.php?rest_route=\/wp\/v2\/pages\/50\/revisions\/692"}],"wp:attachment":[{"href":"https:\/\/heilpraktiker-wuerzler.de\/index.php?rest_route=%2Fwp%2Fv2%2Fmedia&parent=50"}],"curies":[{"name":"wp","href":"https:\/\/api.w.org\/{rel}","templated":true}]}}