{"id":97,"date":"2016-12-11T18:06:58","date_gmt":"2016-12-11T18:06:58","guid":{"rendered":"http:\/\/heilpraktiker-wuerzler.de\/?page_id=97"},"modified":"2021-05-21T09:17:40","modified_gmt":"2021-05-21T09:17:40","slug":"anfahrt","status":"publish","type":"page","link":"https:\/\/heilpraktiker-wuerzler.de\/?page_id=97","title":{"rendered":"Anfahrt &#038; Kontakt"},"content":{"rendered":"<p><img loading=\"lazy\" decoding=\"async\" class=\"alignnone size-full wp-image-103\" src=\"http:\/\/heilpraktiker-wuerzler.de\/wp-content\/uploads\/2016\/12\/karteCoelbe_gross.gif\" alt=\"\" width=\"1240\" height=\"1375\" \/><\/p>\n<p>Naturheilpraxis W\u00fcrzler<\/p>\n<p>Helmut W\u00fcrzler, Heilpraktiker &amp; Yogatherapeut, Master of Chiropractic<\/p>\n<p>Dipl. Chem. Thomas W\u00fcrzler, Heilpraktiker &amp; Ern\u00e4hrungsberater<\/p>\n<p>Kiesebachweg 2<br \/>\n35091 C\u00f6lbe<\/p>\n<p>Tel.: 06421\/982737<br \/>\nFax: 06421\/983773<\/p>\n<p>Mail:kontakt (a) heilpraktiker-wuerzler.de<\/p>\n","protected":false},"excerpt":{"rendered":"<p>Naturheilpraxis W\u00fcrzler Helmut W\u00fcrzler, Heilpraktiker &amp; Yogatherapeut, Master of Chiropractic Dipl. Chem. Thomas W\u00fcrzler, Heilpraktiker &amp; Ern\u00e4hrungsberater Kiesebachweg 2 35091 C\u00f6lbe Tel.: 06421\/982737 Fax: 06421\/983773 Mail:kontakt (a) heilpraktiker-wuerzler.de<\/p>\n","protected":false},"author":1,"featured_media":0,"parent":0,"menu_order":0,"comment_status":"closed","ping_status":"closed","template":"","meta":{"footnotes":""},"class_list":["post-97","page","type-page","status-publish","hentry"],"_links":{"self":[{"href":"https:\/\/heilpraktiker-wuerzler.de\/index.php?rest_route=\/wp\/v2\/pages\/97","targetHints":{"allow":["GET"]}}],"collection":[{"href":"https:\/\/heilpraktiker-wuerzler.de\/index.php?rest_route=\/wp\/v2\/pages"}],"about":[{"href":"https:\/\/heilpraktiker-wuerzler.de\/index.php?rest_route=\/wp\/v2\/types\/page"}],"author":[{"embeddable":true,"href":"https:\/\/heilpraktiker-wuerzler.de\/index.php?rest_route=\/wp\/v2\/users\/1"}],"replies":[{"embeddable":true,"href":"https:\/\/heilpraktiker-wuerzler.de\/index.php?rest_route=%2Fwp%2Fv2%2Fcomments&post=97"}],"version-history":[{"count":10,"href":"https:\/\/heilpraktiker-wuerzler.de\/index.php?rest_route=\/wp\/v2\/pages\/97\/revisions"}],"predecessor-version":[{"id":780,"href":"https:\/\/heilpraktiker-wuerzler.de\/index.php?rest_route=\/wp\/v2\/pages\/97\/revisions\/780"}],"wp:attachment":[{"href":"https:\/\/heilpraktiker-wuerzler.de\/index.php?rest_route=%2Fwp%2Fv2%2Fmedia&parent=97"}],"curies":[{"name":"wp","href":"https:\/\/api.w.org\/{rel}","templated":true}]}}